{"id":15,"date":"2011-10-03T15:31:32","date_gmt":"2011-10-03T12:31:32","guid":{"rendered":"http:\/\/www.tarmolamp.eu\/tarmo\/?page_id=15"},"modified":"2024-05-07T13:54:31","modified_gmt":"2024-05-07T10:54:31","slug":"tehtud-tood","status":"publish","type":"page","link":"https:\/\/tarmolamp.eu\/tarmo\/tehtud-tood\/","title":{"rendered":"Kogemused"},"content":{"rendered":"<div class=\"wp-block-image\">\n<figure class=\"alignright size-full is-resized\"><a href=\"https:\/\/tarmolamp.eu\/tarmo\/wp-content\/uploads\/2024\/05\/Tehtud-tood.jpg\"><img loading=\"lazy\" decoding=\"async\" width=\"786\" height=\"525\" src=\"https:\/\/tarmolamp.eu\/tarmo\/wp-content\/uploads\/2024\/05\/Tehtud-tood.jpg\" alt=\"\" class=\"wp-image-1208\" style=\"width:271px;height:auto\" srcset=\"https:\/\/tarmolamp.eu\/tarmo\/wp-content\/uploads\/2024\/05\/Tehtud-tood.jpg 786w, https:\/\/tarmolamp.eu\/tarmo\/wp-content\/uploads\/2024\/05\/Tehtud-tood-300x200.jpg 300w, https:\/\/tarmolamp.eu\/tarmo\/wp-content\/uploads\/2024\/05\/Tehtud-tood-768x513.jpg 768w, https:\/\/tarmolamp.eu\/tarmo\/wp-content\/uploads\/2024\/05\/Tehtud-tood-449x300.jpg 449w\" sizes=\"auto, (max-width: 786px) 100vw, 786px\" \/><\/a><\/figure>\n<\/div>\n\n<div style=\"float: right;\">&nbsp;<\/div>\n<ul>\n<li class=\"p1\">E Piim J\u00f5ulupidu<\/li>\n<li class=\"p1\">Medicum S\u00fcnnip\u00e4evagala<\/li>\n<li class=\"p1\">ABC Supermarkets Suvep\u00e4evad<\/li>\n<li class=\"p1\">Maru Kontsern Suvep\u00e4evad<\/li>\n<li class=\"p1\">Karlskroona 20 \u2013 Firmajuubel<\/li>\n<li class=\"p1\">Loodusv\u00e4gi 10 \u2013 Firmajuubel<\/li>\n<li class=\"p1\">DeLoitte J\u00f5ulupidu<\/li>\n<li class=\"p1\">Revin Grupp J\u00f5ulupidu<\/li>\n<li class=\"p1\">Kiili Vald Aastal\u00f5pupidu<\/li>\n<li class=\"p1\">Kutseharidus Keskuse Foorum<\/li>\n<li class=\"p1\">Tori Timber Suvep\u00e4evad<\/li>\n<li class=\"p1\">TT\u00dc Keemia-Bioloogia osakonna J\u00f5ulupidu<\/li>\n<li class=\"p1\">Tartu Tervishoiu K\u00f5rgkooli J\u00f5ulupidu<\/li>\n<li>Eesti Gaasi Suurkogu 2017<\/li>\n<li>Tamrex \/ Acer Events &#8211; Suvep\u00e4evad<\/li>\n<li>Suvep\u00e4evad \u2013 Sand Ehitus \/ Milestones Events<\/li>\n<li>IgluSauna Suvep\u00e4evad<\/li>\n<li>Kiia Jaanip\u00e4ev<\/li>\n<li>B&amp;W Metall 10 (Firmajuubel)<\/li>\n<li>Klaasimeister 20 (Firmajuubel)<\/li>\n<li>Monier J\u00f5ulupidu<\/li>\n<li>Tartu Veev\u00e4rk J\u00f5ulupidu<\/li>\n<li>Pinest J\u00f5ulupidu<\/li>\n<li>Hausers J\u00f5ulupidu 2017<\/li>\n<li>Loodusv\u00e4gi J\u00f5ulupidu 2017<\/li>\n<li>Sovek 25 Juubel<\/li>\n<li>Eesti Vabariik 98 Stockholmis, Eesti Majas<\/li>\n<li>Trev2 Kliendis\u00fcndmus Kadrioru Kunstimuuseumis<\/li>\n<li>T\u00dc Kinnisvara &#8211; j\u00f5ulupidu<\/li>\n<li>City Motors &#8211; suvep\u00e4evad<\/li>\n<li>Reola Gaasi suvep\u00e4evad<\/li>\n<li>Savekate suvep\u00e4evad<\/li>\n<li>M\u00f5tsu\/Paaderma jaanituli<\/li>\n<li>P\u00f5llumajandusameti suvep\u00e4evad<\/li>\n<li>Muraste vallap\u00e4ev<\/li>\n<li>Ouman &#8211; j\u00f5ulupidu<\/li>\n<li>Riigikinnisvara &#8211; suvep\u00e4evad<\/li>\n<li>IRL &#8211; suvep\u00e4evad<\/li>\n<li>Baltikumi radioloogide suvep\u00e4evad<\/li>\n<li>Hausers &#8211; suvep\u00e4evad<\/li>\n<li>Loodusv\u00e4gi &#8211; j\u00f5ulupidu<\/li>\n<li>Zenith Kapital \u2013 Loovuses on j\u00f5udu \u2013 koolitus<\/li>\n<li>Nordlin Ehitus &#8211; suvep\u00e4evad<\/li>\n<li>Plastone &#8211; 10. juubel<\/li>\n<li>Europark &#8211; suvep\u00e4evad<\/li>\n<li>Lahendus.net &#8211; j\u00f5ulupidu<\/li>\n<li>Suudlevad Tudengid kliendis\u00fcndmus<\/li>\n<li>HydroSeal j\u00f5ulupidu<\/li>\n<li>Swedbank\u00b4i kontoriv\u00f5rgu koolituse pidu<\/li>\n<li>AS Taure j\u00f5ulupidu<\/li>\n<li>\u00dclenurme vald &#8211; pidulik s\u00fcndmus: 20 aastat taasiseseisvumisest ja 90 aastat kultuurielu vallas<\/li>\n<li>Plastone &#8211; suvep\u00e4evad<\/li>\n<li>Promens &#8211; suvep\u00e4evad<\/li>\n<li>Siseministeerium &#8211; suvep\u00e4evad<\/li>\n<li>\u00dclenurme vald &#8211; jaanip\u00e4ev<\/li>\n<li>Rae vald &#8211; jaanip\u00e4ev<\/li>\n<li>Talent Plastic &#8211; j\u00f5ulupidu<\/li>\n<li>R Kiosk \u2013 T\u00e4htm\u00fc\u00fcja s\u00fcndmus<\/li>\n<li>Saint-Gobain Glass &#8211; talvep\u00e4evad<\/li>\n<li>MarkOil ja Premium7 &#8211; suvep\u00e4evad<\/li>\n<li>Promens &#8211; j\u00f5ulupidu<\/li>\n<li>Teerajaja SK \/ Trev-2 &#8211; suvep\u00e4evad<\/li>\n<li>R\u00e4pina Paberivabrik &#8211; suvep\u00e4evad<\/li>\n<li>Webmedia &#8211; s\u00fcgiskoolituse \u00f5htujuhtimine<\/li>\n<li>Stoneridge Electronics &#8211; j\u00f5ulupidu<\/li>\n<li>Paljude toredate inimeste kordumatud s\u00fcnnip\u00e4evad ning pulmapeod<\/li>\n<\/ul>\n<h5>&#8230;ja paljud teised<\/h5>","protected":false},"excerpt":{"rendered":"<p>&nbsp; E Piim J\u00f5ulupidu Medicum S\u00fcnnip\u00e4evagala ABC Supermarkets Suvep\u00e4evad Maru Kontsern Suvep\u00e4evad Karlskroona 20 \u2013 Firmajuubel Loodusv\u00e4gi 10 \u2013 Firmajuubel DeLoitte J\u00f5ulupidu Revin Grupp J\u00f5ulupidu Kiili Vald Aastal\u00f5pupidu Kutseharidus Keskuse Foorum Tori Timber Suvep\u00e4evad TT\u00dc Keemia-Bioloogia osakonna J\u00f5ulupidu Tartu Tervishoiu &hellip; <a href=\"https:\/\/tarmolamp.eu\/tarmo\/tehtud-tood\/\">Continue reading <span class=\"meta-nav\">&rarr;<\/span><\/a><\/p>\n","protected":false},"author":2,"featured_media":0,"parent":0,"menu_order":3,"comment_status":"closed","ping_status":"closed","template":"","meta":{"_crdt_document":"","footnotes":""},"class_list":["post-15","page","type-page","status-publish","hentry"],"_links":{"self":[{"href":"https:\/\/tarmolamp.eu\/tarmo\/wp-json\/wp\/v2\/pages\/15","targetHints":{"allow":["GET"]}}],"collection":[{"href":"https:\/\/tarmolamp.eu\/tarmo\/wp-json\/wp\/v2\/pages"}],"about":[{"href":"https:\/\/tarmolamp.eu\/tarmo\/wp-json\/wp\/v2\/types\/page"}],"author":[{"embeddable":true,"href":"https:\/\/tarmolamp.eu\/tarmo\/wp-json\/wp\/v2\/users\/2"}],"replies":[{"embeddable":true,"href":"https:\/\/tarmolamp.eu\/tarmo\/wp-json\/wp\/v2\/comments?post=15"}],"version-history":[{"count":25,"href":"https:\/\/tarmolamp.eu\/tarmo\/wp-json\/wp\/v2\/pages\/15\/revisions"}],"predecessor-version":[{"id":1209,"href":"https:\/\/tarmolamp.eu\/tarmo\/wp-json\/wp\/v2\/pages\/15\/revisions\/1209"}],"wp:attachment":[{"href":"https:\/\/tarmolamp.eu\/tarmo\/wp-json\/wp\/v2\/media?parent=15"}],"curies":[{"name":"wp","href":"https:\/\/api.w.org\/{rel}","templated":true}]}}