{"id":61,"date":"2019-02-11T17:00:28","date_gmt":"2019-02-11T15:00:28","guid":{"rendered":"http:\/\/www.tarmolamp.eu\/tarmo\/?page_id=61"},"modified":"2024-05-07T13:44:36","modified_gmt":"2024-05-07T10:44:36","slug":"teenused","status":"publish","type":"page","link":"https:\/\/tarmolamp.eu\/tarmo\/teenused\/","title":{"rendered":"Teenused"},"content":{"rendered":"\n<div style=\"float: right;\">&nbsp;<\/div>\n\n\n\n<h4 class=\"wp-block-heading\">Vali endale sobiv teenus ja suhtleme l\u00e4hemalt:<\/h4>\n\n\n\n<h4 class=\"wp-block-heading\"><a href=\"https:\/\/tarmolamp.eu\/tarmo\/teenused-1\/\"><img loading=\"lazy\" decoding=\"async\" class=\" wp-image-1194 alignright\" src=\"https:\/\/tarmolamp.eu\/tarmo\/wp-content\/uploads\/2024\/05\/Teenused-1.jpg\" alt=\"\" width=\"185\" height=\"255\"><\/a><\/h4>\n\n\n\n<ul class=\"wp-block-list\">\n<li>\u00d5htujuht (sh p\u00e4evajuht ja pulmaisa)<\/li>\n\n\n\n<li>\u00d5htujuht + heli- ja\/v\u00f5i valgustehnika + \u201eMaailmakuulus L\u00e4pakaDisko\u201c<\/li>\n\n\n\n<li>\u00d5htujuht + krapsakas Muusikaline Duo v\u00f5i Trio\u00a0<span class=\"s1\">(laul\/klaver\/kitarr\/akordion)<\/span><\/li>\n\n\n\n<li>\u00d5htujuht Tarmo Lamp + \u201eKoos on Hea\u201c s\u00e4rasilm-fotograaf<\/li>\n<\/ul>\n\n\n\n<h4 class=\"wp-block-heading\">Koos on Hea \u2013 \u00d5nnestuvate s\u00fcndmuste meeskond<\/h4>\n\n\n\n<h4 class=\"wp-block-heading\">\u00dcritusturunduse projektide t\u00e4islahendused<\/h4>\n\n\n\n<p class=\"wp-block-paragraph\">Tarmo paneb kokku ja juhib tiimijuhina professionaalset meeskonda, et korraldada teie ettev\u00f5ttele m\u00e4rkitabavad suvep\u00e4evad, j\u00f5ulupeod, kliendi\u00fcritused, motivatsiooni\u00fcritused, koolitused, konverentsid v\u00f5i kastist v\u00e4ljas seminarid.<\/p>\n\n\n\n<h4 class=\"wp-block-heading p1\"><b>Koos on Hea &#8211; Eriprojektid<\/b><\/h4>\n\n\n\n<h3 class=\"wp-block-heading\">&nbsp;<\/h3>\n\n\n\n<p class=\"wp-block-paragraph\"><span class=\"s1\">Koos ON Hea &#8211; Tulemusliku suhtlemise koolitus<\/span> \u2013 lihvi oma meeskonna energiat veelgi eredamaks ja omavahelist suhtlemist r\u00f5\u00f5msalt ladusamaks<\/p>\n","protected":false},"excerpt":{"rendered":"<p>&nbsp; Vali endale sobiv teenus ja suhtleme l\u00e4hemalt: Koos on Hea \u2013 \u00d5nnestuvate s\u00fcndmuste meeskond \u00dcritusturunduse projektide t\u00e4islahendused Tarmo paneb kokku ja juhib tiimijuhina professionaalset meeskonda, et korraldada teie ettev\u00f5ttele m\u00e4rkitabavad suvep\u00e4evad, j\u00f5ulupeod, kliendi\u00fcritused, motivatsiooni\u00fcritused, koolitused, konverentsid v\u00f5i kastist v\u00e4ljas &hellip; <a href=\"https:\/\/tarmolamp.eu\/tarmo\/teenused\/\">Continue reading <span class=\"meta-nav\">&rarr;<\/span><\/a><\/p>\n","protected":false},"author":2,"featured_media":0,"parent":0,"menu_order":2,"comment_status":"closed","ping_status":"closed","template":"","meta":{"_crdt_document":"","footnotes":""},"class_list":["post-61","page","type-page","status-publish","hentry"],"_links":{"self":[{"href":"https:\/\/tarmolamp.eu\/tarmo\/wp-json\/wp\/v2\/pages\/61","targetHints":{"allow":["GET"]}}],"collection":[{"href":"https:\/\/tarmolamp.eu\/tarmo\/wp-json\/wp\/v2\/pages"}],"about":[{"href":"https:\/\/tarmolamp.eu\/tarmo\/wp-json\/wp\/v2\/types\/page"}],"author":[{"embeddable":true,"href":"https:\/\/tarmolamp.eu\/tarmo\/wp-json\/wp\/v2\/users\/2"}],"replies":[{"embeddable":true,"href":"https:\/\/tarmolamp.eu\/tarmo\/wp-json\/wp\/v2\/comments?post=61"}],"version-history":[{"count":51,"href":"https:\/\/tarmolamp.eu\/tarmo\/wp-json\/wp\/v2\/pages\/61\/revisions"}],"predecessor-version":[{"id":1199,"href":"https:\/\/tarmolamp.eu\/tarmo\/wp-json\/wp\/v2\/pages\/61\/revisions\/1199"}],"wp:attachment":[{"href":"https:\/\/tarmolamp.eu\/tarmo\/wp-json\/wp\/v2\/media?parent=61"}],"curies":[{"name":"wp","href":"https:\/\/api.w.org\/{rel}","templated":true}]}}