{"id":9,"date":"2011-10-03T15:30:25","date_gmt":"2011-10-03T12:30:25","guid":{"rendered":"http:\/\/www.tarmolamp.eu\/tarmo\/?page_id=9"},"modified":"2024-05-07T13:48:23","modified_gmt":"2024-05-07T10:48:23","slug":"kliendid-raagivad","status":"publish","type":"page","link":"https:\/\/tarmolamp.eu\/tarmo\/kliendid-raagivad\/","title":{"rendered":"Kliendid r\u00e4\u00e4givad"},"content":{"rendered":"<div style=\"float: right;\">&nbsp;<\/div>\n<h3>M\u00f5ned head s\u00f5nad meie klientidelt<\/h3>\n<ul>\n<li>Oled tubli ja toimekas! TAMREXi tiim on juba teist aastat sinuga v\u00e4ga rahul! Oled ladusa jutuga, s\u00f5bralik, hooliv, m\u00f5istev, aga ka asjalik. Sel korral saime siis teada, et laulmine pole sulle p\u00e4ris v\u00f5\u00f5ras tegevus, see kukkus sul ootamatult h\u00e4sti v\u00e4lja ja n\u00fc\u00fcd on sul oma v\u00e4ike fanclub, kelle s\u00fcdamesse end laulsid sel \u00f6\u00f6l! Super!<br \/>\nTervitades &#8211; Diana Tamrexist<a href=\"https:\/\/tarmolamp.eu\/tarmo\/kliendid-raagivad-2\/\"><img loading=\"lazy\" decoding=\"async\" class=\"wp-image-1187 alignright\" src=\"https:\/\/tarmolamp.eu\/tarmo\/wp-content\/uploads\/2024\/05\/Kliendid-raagivad.jpg\" alt=\"\" width=\"259\" height=\"177\"><\/a><\/li>\n<\/ul>\n<ul>\n<li>Tere Tarmo,<br \/>\nMeie t\u00e4name Teid toreda ja meeleoluka \u00f5htu eest. Kaunist j\u00f5uluaega ja ilusat vana- aasta l\u00f5ppu.<br \/>\nTervitades, Mari-Liis Murakas AS E-Piim<\/li>\n<\/ul>\n<ul>\n<li>Tere! Veel kord suur ait\u00e4h toreda \u00f5htu eest!!! Super! Lihtsalt fantastiline \u00f5htu.<br \/>\nK\u00f5ik kiitsid Teid ja mina kui ka Veiko j\u00e4ime v\u00e4ga rahule! 10+ Kas on mingi eraldi koht kus ma saaksin Teile ka hinnangu j\u00e4tta? K\u00f5ike head, Stefani Aas<\/li>\n<\/ul>\n<ul>\n<li>Hei, Tarmo Ait\u00e4h sulle super peo eest! Nii kahju, et l\u00e4bi sai. Oled s\u00fcndinud meelelahutaja, k\u00fclalised kiitsid taevani. Saime pidu nautida nagu k\u00fclalised. T\u00f5esti, siirad t\u00e4nud. Gaili ja Taavi<\/li>\n<\/ul>\n<ul>\n<li>Tere Tarmo, Olen k\u00fcll lootusetult hiljaks j\u00e4\u00e4nud, aga parem hilja kui mitte kunagi. Tahtsin sind t\u00e4nada megalaheda peokorraldamise eest! K\u00f5igil oli nii vahva ja sind kiideti taevani. M\u00e4ngud ja muusika olid just meie seltskonnale \u00f5iged. Meile j\u00e4i aga tore meenutus \u00fclilahedast peost! Suur ait\u00e4h sulle ja kindlasti julgen sind tuttavatele soovitada! K\u00f5ike head, Jaanika Liipa<\/li>\n<\/ul>\n<ul>\n<li>Suur t\u00e4nu esinejatele ja k\u00f5igile, kes meie peo\u00f5htu meeldej\u00e4\u00e4vaks muutsid! Pidu oli tore ja meeleolukas. Hille Peitel &#8211; Medicum<\/li>\n<\/ul>\n<ul>\n<li>Tere Tarmo. Meie omakorda soovime samuti t\u00e4nada toreda \u00f5htu eest. Inimesed j\u00e4id v\u00e4ga rahule \u00f5htuga Olid toredad suvep\u00e4evad, ait\u00e4h Sulle!<br \/>\nHeade soovidega &#8211; ABC Supermarketsi Triinu Vapper ja Tiina-Mai Mahlapuu<\/li>\n<\/ul>\n<ul>\n<li>Minu arust olid Sa fantastiline \u00f5htujuht nii minu juubelipeol, kui ka minu vanemate juubelipeol. Ait\u00e4h Sulle, et muutsid need 2 \u00f5htut enam kui suurep\u00e4raseks. Mina ja mu vanemad olime vaimustuses m\u014dlemast peost, k\u00fclalistest r\u00e4\u00e4kimata. K\u00f5ik meenutavad seda siiamaani ja \u00fctlevad, et see oli nende \u00fcks v\u00e4gevamaid pidusid, mida on hea veel edaspidigi meenutada. Konkreetselt minu 25.aasta juubeli \u00fcks k\u00fclaline \u00fctles, et see oli nagu pulm. See oli t\u00e4pselt see, mida ma ootasin ja Sina tegid selle v\u00f5imalikuks. Ait\u00e4h Sulle nende imeliste s\u00fcnnip\u00e4evade eest! Olen \u00f5nnelik, et valisin just Sinu ja kindlasti polnud need viimased korrad. J\u00e4rgmiste pidudeni!<br \/>\nNB! Kui tahate, et Teie pidu oleks meeldej\u00e4\u00e4v ja l\u014dbus, siis ainu\u00f5ige otsus on valida Tarmo Lamp!<br \/>\nKvelle<\/li>\n<\/ul>\n<ul>\n<li>Tere Tarmo! Tahtsin sind veelkord t\u00e4nada v\u00e4ga \u00e4geda peo eest! Kuigi korraks alguses tundus see saal nii k\u00f5le ja m\u00f5tlesime korra, et kas esimest korda elus ei l\u00e4he kiirabit\u00f6\u00f6tajad tantsima, siis see ei osutunud t\u00f5eks ja nagu n\u00e4gid, oli meil raske neid \u00e4ra saada sealt bussi peale. Aga t\u00f5esti \u2013 suur ait\u00e4h ja pidu ja m\u00e4ngud olid m\u00f5nusad!<br \/>\nTegusat aastat soovides<br \/>\nKairi Kreek \/ Turundusspetsialist \/ Tallinna Kiirabi<\/li>\n<\/ul>\n<ul>\n<li>Hei Tarmo! Jaa, t\u00f5epoolest v\u00e4ga lahe pidu oli. Nagu tagasihoidlikele eestlastele kohane, ei saa algul vedama ja p\u00e4rast pidama \ud83d\ude42 K\u00fcsisin ka kiirelt tagasisidet ja k\u00f5igile meeldis, m\u00e4ngud olid vahvad ja sa suudad iga kord \u00fcllatada mingi uue m\u00e4ngu v\u00f5i tegevusega, mis inimesed kaasa haarab ja tuju r\u00f5\u00f5msaks teeb. Vahva! Annika Raidla \/ Assistant of Asset Management \/ TRIGON CAPITAL<\/li>\n<\/ul>\n<ul>\n<li>Tere! Ait\u00e4h vahva \u00f5htu eest! Me k\u00f5ik j\u00e4ime t\u00f5esti v\u00e4ga rahule. Mari-Liis Timmotalo \/ kommunikatsioonijuht \/ Tartu Tervishoiu K\u00f5rgkool<\/li>\n<\/ul>\n<ul>\n<li>Oleme Sulle v\u00e4ga t\u00e4nulikud, et suutsid rahva kaasa elama panna ja suuresti t\u00e4nu Sulle sai sellest peost \u00fcks v\u00e4gev pidu \ud83d\ude42 K\u00f5ike kaunist Sulle NB! Kindlasti p\u00f6\u00f6rdume Sinu poole, kui plaanime mingeid \u00fcritusi teha. Tervitades, Kristi Brand (Firma juubel &#8211; B&amp;W Metall 10)<\/li>\n<\/ul>\n<ul>\n<li>Kiidus\u00f5nu j\u00e4tkub veelgi, sest nii lahe oli kuulda, kuidas t\u00f6\u00f6tajad r\u00f5\u00f5msalt ja jutuvadinaga esmasp\u00e4eval t\u00f6\u00f6le tulid. K\u00f5ik kelle k\u00e4est olen k\u00fcsinud j\u00e4id \u00fcritusega rahule ja eelk\u00f5ige mainiti ikka ja j\u00e4lle \u00e4ra neid tantsijaid, vauu. V\u00f5imas. Suur-suur ait\u00e4h teile.<br \/>\nPalju ilusaid hetki soovides, Kaili Kurrusk (Firma juubel &#8211; Klaasimeister 20)<\/li>\n<\/ul>\n<ul>\n<li>Nii minul, kui ka k\u00fclalistel oli v\u00e4ga l\u00f5bus ja tore ning meeldej\u00e4\u00e4v pidu. Selle eest veelkord v\u00e4ga suured t\u00e4nud sulle. Loodan v\u00e4ga, et mul \u00f5nnestub olla kunagi ka k\u00fclalisena sinu poolt juhitaval peo\u00f5htul. J\u00f5udu j\u00e4rgmiste vahvate pidude l\u00e4biviimisteks. Tervitades, Siivi<\/li>\n<\/ul>\n<ul>\n<li>Tarmo, t\u00e4nud sullegi. Piduliste k\u00e4est on tulnud ainult \u00fcliv\u00f5rdes tagasisidet. J\u00e4rgmiste pidudeni! \u00dclle<\/li>\n<\/ul>\n<ul>\n<li>M\u00f5tsu\/Paadrema jaanitule korraldajad: Veelkord suur t\u00e4nu:) Olid v\u00e4ga kihvt \u00f5htujuht ja ka muu rahvas vaid kiidab. Ehk teinekordki. Seniks edu!<\/li>\n<\/ul>\n<ul>\n<li>Juubilar Eeve: T\u00e4nan Sind s\u00fcdamest. K\u00f5ik oli v\u00e4ga tore. Eile helistasid s\u00fcnnip\u00e4eval viibinud ja olid k\u00f5ik vaimustatud Sinust. Kiitustega ei oldud kitsid.<\/li>\n<\/ul>\n<ul>\n<li>Hei:-) P\u00e4rast pidu oli mul t\u00f5eliselt hea tunne! K\u00fclalised ka kiitsid. Sa oled v\u00e4ga tore \u00f5htujuht ja tsiteerides m\u00f5nda k\u00fclalist : &#8220;H\u00e4sti s\u00f5bralik ja vahetu&#8221;. S\u00fcnnip\u00e4evalaps Heidy<\/li>\n<\/ul>\n<ul>\n<li>Eneli N\u00f5lvak-Mall arvas nii &#8211; Ilma ilustamata ja liialduseta v\u00f5in \u00f6elda, et parim Peojuht (just suure algust\u00e4hega) \ud83d\ude42 Oskad liita ja l\u00f5bustada igas vanuses inimesi! Minu peo seltskond j\u00e4i v\u00e4ga rahule, nii sinu, kui k\u00f5igi tegevustega, mis ette tulid \ud83d\ude42 Pidu, mis ei unune &#8211; sellise \u00d5htujuhiga! \ud83d\ude42<\/li>\n<\/ul>\n<ul>\n<li>Liane Erik arvas n\u00f5nda &#8211; Korraldasin s\u00f5brap\u00e4evapeo, kuhu olid kutsutud ca 30 s\u00f5pra. Tegevusi piisavalt, m\u00e4ngud v\u00e4ga taktitundelised ja stiiliga kaasask\u00e4ivad. Seltskonnad s\u00f5brunesid kiiresti t\u00e4nu \u00f5htujuhile. S\u00f5brad k\u00fcsivad tihti, kust ma sellise toreda \u00f5htujuhi leidsin SUURED T\u00c4NUD VEELKORD. Pidu tuli v\u00e4ga vahva v\u00e4lja. Eestlaste puhul on ikka nii, et algul ei saa minema, p\u00e4rast ei saa pidama. Mulle ja teistele pidulistele meeldis, et k\u00f5ike oli parasjagu \ud83d\ude42<\/li>\n<\/ul>\n<ul>\n<li>Soovime Sind t\u00e4nada suurep\u00e4raselt l\u00e4biviidud \u00f5htu eest!!! Pidu oli v\u00e4ga meeldej\u00e4\u00e4v, tagasiside on olnud \u00fclimalt positiivne. Suur-suur ait\u00e4hh!!! Gelly ja Marko<\/li>\n<\/ul>\n<ul>\n<li>20.02.2016 toimus Stockholmi Eesti Majas suurejooneline Eesti Vabariigi 98. aastap\u00e4eva t\u00e4histamine. Kutsusime meile k\u00fclla Tunne Kelami, Estonian Voices\u00b4i ning \u00f5htuseks esinejateks olid Alen Veziko ja Tarmo Lamp. P\u00e4ev kujunes v\u00e4ga uhkeks ning sellele p\u00e4evale panid uhke l\u00f5pupunkti kaks meest &#8211; kes on muuseas klassivennad- oma ala professionaalid. Eesti Maja d\u017e\u00e4ssklubis pole aastaid nii head pidu saanud rahvas nautida. Klubi oli rahvast t\u00e4is &#8211; tants, m\u00e4ngud ja trall kestis kuni sulgemiseni ning rahva suust sai kuulda ainult \u00fclistavaid s\u00f5nu! Tarmo on \u00fcks v\u00e4ga lahe sell, kes teeb iga peo v\u00e4ga eriliseks ja hullult l\u00f5busaks. Mees, kes on s\u00fcndinud meelelahutajaks ning tema \u00f5htujuhi oskused on v\u00f5rratud!&#8221; &#8211; nii kirjutas \u00fcrituse korraldaja Inga Leesment<\/li>\n<\/ul>\n<ul>\n<li>Tahaksin t\u00e4nada toreda peo eest! T\u00fc\u00fcpilise eestlasena v\u00f5tab meil tagasiside aega ja tavaliselt ju kiiduk\u00f5ned j\u00e4\u00e4vadki tulemata. T\u00e4nud v\u00e4ga-v\u00e4ga toreda peo eest &#8211; aeg l\u00e4ks kuidagi eriti kiiresti ja igavlevalt kella vaadata ei j\u00f5udnud k\u00fcll ilmselt keegi. Olen n\u00fc\u00fcdseks saanud s\u00f5pradelt-sugulastelt palju-palju t\u00e4nus\u00f5nu vahva \u00fcrituse korraldamise eest, kus p\u00f5hir\u00f5hk ju ikka \u00f5htujuhil. Suured-suured t\u00e4nud toreda peo eest ja ikka j\u00f5udu-jaksu edaspidiseks! Parimate soovidega &#8211; Riina<\/li>\n<\/ul>\n<ul>\n<li>Tere Tarmo, Pidu oli t\u00f5epoolest v\u00e4ga meeleolukas. Nagu me r\u00e4\u00e4kisime, siis j\u00e4rgmine kord oskab juba veel paremini ja julgemalt toimetada. Aga niipalju kui mina tagasisidet sain, siis k\u00f5ik j\u00e4id peoga rahule. Eriti tore oli see, et pidu l\u00e4ks diskoks edasi ja k\u00f5ik kes soovisid said jalga keerutada, t\u00e4pselt seda oligi vaja, mis meil muidu puudu on j\u00e4\u00e4nud :). Ehk veelkord ait\u00e4h \ud83d\ude42 \u2013 Loodusv\u00e4gi O\u00dc<\/li>\n<\/ul>\n<ul>\n<li>Tere, Tarmo! Saadan Sulle suured t\u00e4nus\u00f5nad kogu meie tiimi poolt! Ait\u00e4h, et suvep\u00e4evadele hoo sisse andsid ja meid ohjasid \ud83d\ude42 Kuigi Sul ju suured kogemused igasuguste seltskondadega, siis vist ikka ehmatasime Sind veidi \u00e4ra ka, aga usun et annad andeks \ud83d\ude09 Ska Faktor oli ka super soovitus, nad sobisid t\u00f5esti v\u00e4ga h\u00e4sti! Ja nii armas, et meiega koos p\u00fchap\u00e4eval ootasid ja meid \u00e4ra saatsid. Ja k\u00f5ige vahvam on see, et hoolimata kehvast ilmast olid meil v\u00e4ga lahedad suvep\u00e4evad! Ahoi! &#8211; Europark<\/li>\n<\/ul>\n<ul>\n<li>Tahtsime t\u00e4nada v\u00e4ga toreda suvep\u00e4eva eest! Erik j\u00e4i samuti \u00fcritusega v\u00e4ga rahule!<br \/>\nSuur-suur t\u00e4nu! Kindlasti kohtume tulevikus veel! \ud83d\ude42 Kersti Kuusmik \/ juhiabi-personalijuht \/ SAND Ehitus O\u00dc<\/li>\n<\/ul>\n<ul>\n<li>Tere Tarmo! T\u00e4nud! Meile kogu p\u00e4ev meeldis v\u00e4ga. Meile oli seda vaja teami jaoks ja \u00f5ppisime ka omajagu. Minule meeldis eriti \u00f5htune muusikaline osa. See oli \u00e4ge ja sobis h\u00e4sti sinna!<br \/>\nT\u00e4na ka Aini palun. \u2013 Zenith Capital Management<\/li>\n<\/ul>\n<ul>\n<li>Tere Tarmo!<br \/>\nTahtsin Sind veelkord t\u00e4nada enda, abikaasa ja kogu s\u00fcnnip\u00e4eva seltskonna poolt toreda \u00fcrituse eest! K\u00f5ik j\u00e4id v\u00e4ga rahule ja on mida meenutada Loodan, et Sa teed seda t\u00e4nuv\u00e4\u00e4rset t\u00f6\u00f6d ikka edasi ja kui minul kolme aasta p\u00e4rast juubel tuleb, kutsun sind kindlasti taas \u00f5htut juhtima! T\u00e4nud ja edu Sulle k\u00f5igis Sinu ettev\u00f5tmistes! Parimate soovidega &#8211; Tiina<\/li>\n<\/ul>\n<ul>\n<li>Mul oli ilus s\u00fcnnip\u00e4evapidu. Olen n\u00fc\u00fcd, j\u00e4rgnevatel p\u00e4evadel palju kiitvaid k\u00f5nesid saanud. Mulle ja ka k\u00fclalistele meeldis Sinu kui \u00f5htujuhi vahetu ja siiras olek. M\u00e4ngud olid &#8220;lihtsad ja l\u00f6\u00f6vad&#8221;, tekitasid elevust ja hasarti nii kaasam\u00e4ngijates, kui ka pealtvaatajates. K\u00f5ike oli piisavalt ja parajalt. No ja muidugi see tuledemeri&#8230;. Ait\u00e4h Sulle, Tarmo! &#8211; Juubilar Siiri<\/li>\n<\/ul>\n<ul>\n<li>\u00d5htujuht oli v\u00e4ga tore inimene ja sobis oma rolli suurep\u00e4raselt. V\u00e4ga hea leid!<\/li>\n<\/ul>\n<ul>\n<li>Eriti meeldis, et koguaeg toimus midagi \u2013 ei olnud niisama passimist. Kiidus\u00f5nad p\u00e4eva\/\u00f5htujuhile!<\/li>\n<\/ul>\n<ul>\n<li>\u00d5htujuhiks oli palutud \u00d5IGE inimene, kes sulandus seltskonda, ega olnud pealet\u00fckkiv.<\/li>\n<\/ul>\n<ul>\n<li>S\u00e4rtsakas \u00f5htujuht, kes suutis p\u00fcsida v\u00e4rske ning hoida \u00fcleval pidevalt l\u00f5busat meeleolu terve \u00f5htu jooksul.<\/li>\n<\/ul>\n","protected":false},"excerpt":{"rendered":"<p>&nbsp; M\u00f5ned head s\u00f5nad meie klientidelt Oled tubli ja toimekas! TAMREXi tiim on juba teist aastat sinuga v\u00e4ga rahul! Oled ladusa jutuga, s\u00f5bralik, hooliv, m\u00f5istev, aga ka asjalik. Sel korral saime siis teada, et laulmine pole sulle p\u00e4ris v\u00f5\u00f5ras tegevus, &hellip; <a href=\"https:\/\/tarmolamp.eu\/tarmo\/kliendid-raagivad\/\">Continue reading <span class=\"meta-nav\">&rarr;<\/span><\/a><\/p>\n","protected":false},"author":2,"featured_media":0,"parent":0,"menu_order":4,"comment_status":"closed","ping_status":"closed","template":"","meta":{"_crdt_document":"","footnotes":""},"class_list":["post-9","page","type-page","status-publish","hentry"],"_links":{"self":[{"href":"https:\/\/tarmolamp.eu\/tarmo\/wp-json\/wp\/v2\/pages\/9","targetHints":{"allow":["GET"]}}],"collection":[{"href":"https:\/\/tarmolamp.eu\/tarmo\/wp-json\/wp\/v2\/pages"}],"about":[{"href":"https:\/\/tarmolamp.eu\/tarmo\/wp-json\/wp\/v2\/types\/page"}],"author":[{"embeddable":true,"href":"https:\/\/tarmolamp.eu\/tarmo\/wp-json\/wp\/v2\/users\/2"}],"replies":[{"embeddable":true,"href":"https:\/\/tarmolamp.eu\/tarmo\/wp-json\/wp\/v2\/comments?post=9"}],"version-history":[{"count":54,"href":"https:\/\/tarmolamp.eu\/tarmo\/wp-json\/wp\/v2\/pages\/9\/revisions"}],"predecessor-version":[{"id":1204,"href":"https:\/\/tarmolamp.eu\/tarmo\/wp-json\/wp\/v2\/pages\/9\/revisions\/1204"}],"wp:attachment":[{"href":"https:\/\/tarmolamp.eu\/tarmo\/wp-json\/wp\/v2\/media?parent=9"}],"curies":[{"name":"wp","href":"https:\/\/api.w.org\/{rel}","templated":true}]}}